{"id":1096,"date":"2025-09-28T16:27:32","date_gmt":"2025-09-28T14:27:32","guid":{"rendered":"https:\/\/sebastianskowronski.com\/cms\/?page_id=1096"},"modified":"2025-09-28T17:31:41","modified_gmt":"2025-09-28T15:31:41","slug":"oswiadczenie-tworcy","status":"publish","type":"page","link":"https:\/\/sebastianskowronski.com\/cms\/oswiadczenie-tworcy","title":{"rendered":"O\u015bwiadczenie artysty"},"content":{"rendered":"<p>Fotografowanie jest moim pocz\u0105tkiem. Pierwsze do\u015bwiadczenia wynios\u0142em z ca\u0142kowicie mechanicznie dzia\u0142aj\u0105cego aparatu. Potem zdj\u0119cia z kliszy przenosi\u0142em do komputera. Zainteresowa\u0142em si\u0119 rysowaniem z u\u017cyciem grafitu, w\u0119gla, pasteli. Moj\u0105 pasj\u0105 sta\u0142a si\u0119 grafika warsztatowa, malarstwo. Nast\u0119pnie wr\u00f3ci\u0142em do fotografii, do jej korzeni i klasycznych czarno-bia\u0142ych obraz\u00f3w, z w\u0142asnej ciemni fotograficznej. Powraca\u0142em zn\u00f3w do rysunku, odnajduj\u0105c mo\u017cliwo\u015bci tuszu w r\u00f3\u017cnych postaciach. W ko\u0144cu fotograficzn\u0105 kamer\u0119 uczyni\u0142em rodzajem notatnika rzeczywisto\u015bci i szkicownika pomys\u0142\u00f3w. Natomiast bezpo\u015bredni\u0105 kresk\u0119, uzyskiwan\u0105 z pi\u00f3rka z tuszem, z d\u0142uta do drzeworytu czy z konturu malowanego p\u0119dzlem, wykorzystuj\u0119 w tw\u00f3rczej kreacji.<\/p>\n<p>Moja tw\u00f3rczo\u015b\u0107 jest dla mnie pi\u0119kn\u0105 sposobno\u015bci\u0105 do odkrywania siebie, rozwijania i pog\u0142\u0119biania relacji z w\u0142asnym rdzeniem istnienia i ca\u0142ym \u015bwiatem. To wydobywanie na \u015bwiat\u0142o dzienne tego, co jest wewn\u0105trz mojej pod\u015bwiadomo\u015bci i cia\u0142a. Dzi\u0119ki dzia\u0142aniom kreatywnym, uzdrawiam si\u0119 wewn\u0119trznie. Wzrasta moja \u015bwiadomo\u015b\u0107 i coraz to lepiej si\u0119 czuj\u0119. Czas zape\u0142niania pod\u0142o\u017ca, jak papier, matryca, p\u0142\u00f3tno, deska, traktuj\u0119 jako zapis tego co mam w umy\u015ble w chwili pracy. Sztuk\u0119 tworzon\u0105 przeze mnie w ten spos\u00f3b, przyjmuj\u0119 jako prawdziw\u0105, unikatow\u0105. Tw\u00f3rcze dzia\u0142anie w oparciu o rozpoznawaln\u0105, w\u0142asn\u0105 my\u015bl, nap\u0119dza moje cia\u0142o do pracy, i to jest ci\u0105g\u0142e stawanie do siebie w g\u0142\u0119bokiej ciszy.<\/p>\n<h3><\/h3>\n","protected":false},"excerpt":{"rendered":"<p>Fotografowanie jest moim pocz\u0105tkiem. Pierwsze do\u015bwiadczenia wynios\u0142em z ca\u0142kowicie mechanicznie dzia\u0142aj\u0105cego aparatu. Potem zdj\u0119cia z kliszy przenosi\u0142em do komputera. Zainteresowa\u0142em si\u0119 rysowaniem z u\u017cyciem grafitu, w\u0119gla, pasteli. Moj\u0105 pasj\u0105 sta\u0142a si\u0119 grafika warsztatowa, malarstwo. Nast\u0119pnie wr\u00f3ci\u0142em do fotografii, do jej korzeni i klasycznych czarno-bia\u0142ych obraz\u00f3w, z w\u0142asnej ciemni fotograficznej. Powraca\u0142em zn\u00f3w do rysunku, odnajduj\u0105c mo\u017cliwo\u015bci [&hellip;]<\/p>\n","protected":false},"author":1,"featured_media":0,"parent":0,"menu_order":0,"comment_status":"closed","ping_status":"closed","template":"","meta":{"_monsterinsights_skip_tracking":false,"_monsterinsights_sitenote_active":false,"_monsterinsights_sitenote_note":"","_monsterinsights_sitenote_category":0,"ocean_post_layout":"","ocean_both_sidebars_style":"","ocean_both_sidebars_content_width":0,"ocean_both_sidebars_sidebars_width":0,"ocean_sidebar":"","ocean_second_sidebar":"","ocean_disable_margins":"enable","ocean_add_body_class":"","ocean_shortcode_before_top_bar":"","ocean_shortcode_after_top_bar":"","ocean_shortcode_before_header":"","ocean_shortcode_after_header":"","ocean_has_shortcode":"","ocean_shortcode_after_title":"","ocean_shortcode_before_footer_widgets":"","ocean_shortcode_after_footer_widgets":"","ocean_shortcode_before_footer_bottom":"","ocean_shortcode_after_footer_bottom":"","ocean_display_top_bar":"default","ocean_display_header":"default","ocean_header_style":"","ocean_center_header_left_menu":"","ocean_custom_header_template":"","ocean_custom_logo":0,"ocean_custom_retina_logo":0,"ocean_custom_logo_max_width":0,"ocean_custom_logo_tablet_max_width":0,"ocean_custom_logo_mobile_max_width":0,"ocean_custom_logo_max_height":0,"ocean_custom_logo_tablet_max_height":0,"ocean_custom_logo_mobile_max_height":0,"ocean_header_custom_menu":"","ocean_menu_typo_font_family":"","ocean_menu_typo_font_subset":"","ocean_menu_typo_font_size":0,"ocean_menu_typo_font_size_tablet":0,"ocean_menu_typo_font_size_mobile":0,"ocean_menu_typo_font_size_unit":"px","ocean_menu_typo_font_weight":"","ocean_menu_typo_font_weight_tablet":"","ocean_menu_typo_font_weight_mobile":"","ocean_menu_typo_transform":"","ocean_menu_typo_transform_tablet":"","ocean_menu_typo_transform_mobile":"","ocean_menu_typo_line_height":0,"ocean_menu_typo_line_height_tablet":0,"ocean_menu_typo_line_height_mobile":0,"ocean_menu_typo_line_height_unit":"","ocean_menu_typo_spacing":0,"ocean_menu_typo_spacing_tablet":0,"ocean_menu_typo_spacing_mobile":0,"ocean_menu_typo_spacing_unit":"","ocean_menu_link_color":"","ocean_menu_link_color_hover":"","ocean_menu_link_color_active":"","ocean_menu_link_background":"","ocean_menu_link_hover_background":"","ocean_menu_link_active_background":"","ocean_menu_social_links_bg":"","ocean_menu_social_hover_links_bg":"","ocean_menu_social_links_color":"","ocean_menu_social_hover_links_color":"","ocean_disable_title":"default","ocean_disable_heading":"default","ocean_post_title":"","ocean_post_subheading":"","ocean_post_title_style":"","ocean_post_title_background_color":"","ocean_post_title_background":0,"ocean_post_title_bg_image_position":"","ocean_post_title_bg_image_attachment":"","ocean_post_title_bg_image_repeat":"","ocean_post_title_bg_image_size":"","ocean_post_title_height":0,"ocean_post_title_bg_overlay":0.5,"ocean_post_title_bg_overlay_color":"","ocean_disable_breadcrumbs":"default","ocean_breadcrumbs_color":"","ocean_breadcrumbs_separator_color":"","ocean_breadcrumbs_links_color":"","ocean_breadcrumbs_links_hover_color":"","ocean_display_footer_widgets":"default","ocean_display_footer_bottom":"default","ocean_custom_footer_template":"","footnotes":""},"class_list":["post-1096","page","type-page","status-publish","hentry","entry","owp-thumbs-layout-horizontal","owp-btn-normal","owp-tabs-layout-horizontal","has-no-thumbnails","has-product-nav"],"aioseo_notices":[],"jetpack_sharing_enabled":true,"_links":{"self":[{"href":"https:\/\/sebastianskowronski.com\/cms\/wp-json\/wp\/v2\/pages\/1096","targetHints":{"allow":["GET"]}}],"collection":[{"href":"https:\/\/sebastianskowronski.com\/cms\/wp-json\/wp\/v2\/pages"}],"about":[{"href":"https:\/\/sebastianskowronski.com\/cms\/wp-json\/wp\/v2\/types\/page"}],"author":[{"embeddable":true,"href":"https:\/\/sebastianskowronski.com\/cms\/wp-json\/wp\/v2\/users\/1"}],"replies":[{"embeddable":true,"href":"https:\/\/sebastianskowronski.com\/cms\/wp-json\/wp\/v2\/comments?post=1096"}],"version-history":[{"count":5,"href":"https:\/\/sebastianskowronski.com\/cms\/wp-json\/wp\/v2\/pages\/1096\/revisions"}],"predecessor-version":[{"id":1116,"href":"https:\/\/sebastianskowronski.com\/cms\/wp-json\/wp\/v2\/pages\/1096\/revisions\/1116"}],"wp:attachment":[{"href":"https:\/\/sebastianskowronski.com\/cms\/wp-json\/wp\/v2\/media?parent=1096"}],"curies":[{"name":"wp","href":"https:\/\/api.w.org\/{rel}","templated":true}]}}