{"id":1138,"date":"2025-09-30T14:40:58","date_gmt":"2025-09-30T12:40:58","guid":{"rendered":"https:\/\/sebastianskowronski.com\/cms\/?page_id=1138"},"modified":"2025-09-30T15:07:49","modified_gmt":"2025-09-30T13:07:49","slug":"1138-2","status":"publish","type":"page","link":"https:\/\/sebastianskowronski.com\/cms\/1138-2","title":{"rendered":"Kontakt"},"content":{"rendered":"<hr \/>\n<hr \/>\n<hr \/>\n<p style=\"text-align: center;\">Sebastian Skowro\u0144ski<\/p>\n<p style=\"text-align: center;\"><strong>adres do korespondencji<\/strong>:<\/p>\n<p style=\"text-align: center;\">ul. Julianowska 5\/7\/99A<\/p>\n<p style=\"text-align: center;\">91-473 \u0141\u00f3d\u017a<\/p>\n<p style=\"text-align: center;\"><strong>tel.<\/strong> +48 881 072 291 (w godzinach 10 &#8211; 16)<\/p>\n<p style=\"text-align: center;\"><strong>email<\/strong>: skowronski.sebastian@hotmail.com<\/p>\n<hr \/>\n<p><a title=\"Polityka prywatno\u015bci\" href=\"https:\/\/sebastianskowronski.com\/cms\/polityka-prywatnosci\" target=\"_blank\" rel=\"noopener\">Polityka prywatno\u015bci<\/a><\/p>\n<p><a title=\"Regulamin sklepu\" href=\"https:\/\/sebastianskowronski.com\/cms\/regulamin-sklepu\" target=\"_blank\" rel=\"noopener\">Regulamin sklepu sebastianskowronski.com<\/a><\/p>\n<p>Sebastian Skowro\u0144ski<\/p>\n<p>ul. Popie\u0142uszki 45\/5<\/p>\n<p>94-053 \u0141\u00f3d\u017a<\/p>\n","protected":false},"excerpt":{"rendered":"<p>Sebastian Skowro\u0144ski adres do korespondencji: ul. Julianowska 5\/7\/99A 91-473 \u0141\u00f3d\u017a tel. +48 881 072 291 (w godzinach 10 &#8211; 16) email: skowronski.sebastian@hotmail.com Polityka prywatno\u015bci Regulamin sklepu sebastianskowronski.com Sebastian Skowro\u0144ski ul. Popie\u0142uszki 45\/5 94-053 \u0141\u00f3d\u017a<\/p>\n","protected":false},"author":1,"featured_media":0,"parent":0,"menu_order":0,"comment_status":"closed","ping_status":"closed","template":"","meta":{"_monsterinsights_skip_tracking":false,"_monsterinsights_sitenote_active":false,"_monsterinsights_sitenote_note":"","_monsterinsights_sitenote_category":0,"ocean_post_layout":"","ocean_both_sidebars_style":"","ocean_both_sidebars_content_width":0,"ocean_both_sidebars_sidebars_width":0,"ocean_sidebar":"","ocean_second_sidebar":"","ocean_disable_margins":"enable","ocean_add_body_class":"","ocean_shortcode_before_top_bar":"","ocean_shortcode_after_top_bar":"","ocean_shortcode_before_header":"","ocean_shortcode_after_header":"","ocean_has_shortcode":"","ocean_shortcode_after_title":"","ocean_shortcode_before_footer_widgets":"","ocean_shortcode_after_footer_widgets":"","ocean_shortcode_before_footer_bottom":"","ocean_shortcode_after_footer_bottom":"","ocean_display_top_bar":"default","ocean_display_header":"default","ocean_header_style":"","ocean_center_header_left_menu":"","ocean_custom_header_template":"","ocean_custom_logo":0,"ocean_custom_retina_logo":0,"ocean_custom_logo_max_width":0,"ocean_custom_logo_tablet_max_width":0,"ocean_custom_logo_mobile_max_width":0,"ocean_custom_logo_max_height":0,"ocean_custom_logo_tablet_max_height":0,"ocean_custom_logo_mobile_max_height":0,"ocean_header_custom_menu":"","ocean_menu_typo_font_family":"","ocean_menu_typo_font_subset":"","ocean_menu_typo_font_size":0,"ocean_menu_typo_font_size_tablet":0,"ocean_menu_typo_font_size_mobile":0,"ocean_menu_typo_font_size_unit":"px","ocean_menu_typo_font_weight":"","ocean_menu_typo_font_weight_tablet":"","ocean_menu_typo_font_weight_mobile":"","ocean_menu_typo_transform":"","ocean_menu_typo_transform_tablet":"","ocean_menu_typo_transform_mobile":"","ocean_menu_typo_line_height":0,"ocean_menu_typo_line_height_tablet":0,"ocean_menu_typo_line_height_mobile":0,"ocean_menu_typo_line_height_unit":"","ocean_menu_typo_spacing":0,"ocean_menu_typo_spacing_tablet":0,"ocean_menu_typo_spacing_mobile":0,"ocean_menu_typo_spacing_unit":"","ocean_menu_link_color":"","ocean_menu_link_color_hover":"","ocean_menu_link_color_active":"","ocean_menu_link_background":"","ocean_menu_link_hover_background":"","ocean_menu_link_active_background":"","ocean_menu_social_links_bg":"","ocean_menu_social_hover_links_bg":"","ocean_menu_social_links_color":"","ocean_menu_social_hover_links_color":"","ocean_disable_title":"default","ocean_disable_heading":"default","ocean_post_title":"","ocean_post_subheading":"","ocean_post_title_style":"","ocean_post_title_background_color":"","ocean_post_title_background":0,"ocean_post_title_bg_image_position":"","ocean_post_title_bg_image_attachment":"","ocean_post_title_bg_image_repeat":"","ocean_post_title_bg_image_size":"","ocean_post_title_height":0,"ocean_post_title_bg_overlay":0.5,"ocean_post_title_bg_overlay_color":"","ocean_disable_breadcrumbs":"default","ocean_breadcrumbs_color":"","ocean_breadcrumbs_separator_color":"","ocean_breadcrumbs_links_color":"","ocean_breadcrumbs_links_hover_color":"","ocean_display_footer_widgets":"default","ocean_display_footer_bottom":"default","ocean_custom_footer_template":"","footnotes":""},"class_list":["post-1138","page","type-page","status-publish","hentry","entry","owp-thumbs-layout-horizontal","owp-btn-normal","owp-tabs-layout-horizontal","has-no-thumbnails","has-product-nav"],"aioseo_notices":[],"jetpack_sharing_enabled":true,"_links":{"self":[{"href":"https:\/\/sebastianskowronski.com\/cms\/wp-json\/wp\/v2\/pages\/1138","targetHints":{"allow":["GET"]}}],"collection":[{"href":"https:\/\/sebastianskowronski.com\/cms\/wp-json\/wp\/v2\/pages"}],"about":[{"href":"https:\/\/sebastianskowronski.com\/cms\/wp-json\/wp\/v2\/types\/page"}],"author":[{"embeddable":true,"href":"https:\/\/sebastianskowronski.com\/cms\/wp-json\/wp\/v2\/users\/1"}],"replies":[{"embeddable":true,"href":"https:\/\/sebastianskowronski.com\/cms\/wp-json\/wp\/v2\/comments?post=1138"}],"version-history":[{"count":8,"href":"https:\/\/sebastianskowronski.com\/cms\/wp-json\/wp\/v2\/pages\/1138\/revisions"}],"predecessor-version":[{"id":1149,"href":"https:\/\/sebastianskowronski.com\/cms\/wp-json\/wp\/v2\/pages\/1138\/revisions\/1149"}],"wp:attachment":[{"href":"https:\/\/sebastianskowronski.com\/cms\/wp-json\/wp\/v2\/media?parent=1138"}],"curies":[{"name":"wp","href":"https:\/\/api.w.org\/{rel}","templated":true}]}}