{"id":389,"date":"2025-07-30T17:20:09","date_gmt":"2025-07-30T15:20:09","guid":{"rendered":"https:\/\/sebastianskowronski.com\/cms\/?page_id=389"},"modified":"2025-09-28T18:20:42","modified_gmt":"2025-09-28T16:20:42","slug":"o-mnie","status":"publish","type":"page","link":"https:\/\/sebastianskowronski.com\/cms\/o-mnie","title":{"rendered":"O mnie"},"content":{"rendered":"<h1><span style=\"color: #ffffff;\"><strong>Sebastian Skowro\u0144ski<\/strong><\/span><br \/>\n<strong>Tw\u00f3rca wizualny, bloger.<\/strong><\/h1>\n<p>Witam Was na autorskiej stronie. To zbi\u00f3r blogowych wpis\u00f3w, w kt\u00f3rych opisuj\u0119 moje prace. To r\u00f3wnie\u017c dost\u0119pna do ogl\u0105dania kolekcja artystycznych prac, jakie wykonuj\u0119 od roku oko\u0142o 2010. Naturaln\u0105 konsekwencj\u0105 tw\u00f3rczych dzia\u0142a\u0144 jest \u0142\u0105czenie mojego zawodu w biznes, st\u0105d pojawia si\u0119 pomys\u0142 na sklep. Dzi\u015b strona stanowi rozbudowane portfolio online (blog oraz galeria prac), a tak\u017ce miejsce zakupu autorskich dzie\u0142.<\/p>\n<p>B\u0119dzie mi mi\u0142o, je\u015bli b\u0119dziecie decydowa\u0107 si\u0119 udost\u0119pnia\u0107 moje posty u siebie. Jednak w tym miejscu mia\u0142bym pro\u015bb\u0119. Udost\u0119pniajcie oryginalny post w spos\u00f3b domy\u015blny, jaki jest mo\u017cliwy na danym profilu. Je\u015bli mnie cytujecie, podajcie prosz\u0119 moje imi\u0119 i nazwisko. Zastrzegam sobie prawo do moich s\u0142\u00f3w, jak i do tekst\u00f3w w profilach spo\u0142eczno\u015bciowych, na tej stronie oraz na blogu. Je\u015bli za\u015b chodzi o udost\u0119pnianie wizualnych tre\u015bci, czyli o prace plastyczne etc., prosz\u0119 o kontakt.<\/p>\n<h3><strong>Troch\u0119 historii.<\/strong><\/h3>\n<p>W pewnym momencie mojej tw\u00f3rczej podr\u00f3\u017cy, potwierdzonej r\u00f3wnie\u017c otrzymaniem dyplomu z grafiki artystycznej (2011), poczu\u0142em siln\u0105 ch\u0119\u0107 dokumentowania i opisywania prac w formie blogu. Utworzy\u0142em najpierw stron\u0119 z blogowymi wpisami (2013 rok), aby w jej kolejnej ods\u0142onie (kilka lat p\u00f3\u017aniej) ten\u017ce dziennik po\u0142\u0105czy\u0107 z galeri\u0105 prac Sebastiana Skowro\u0144skiego, przybieraj\u0105c\u0105 kszta\u0142t ca\u0142o\u015bciowego portfolio (z wizualnymi pracami i autorskimi tekstami), prezentowanego online. Obecnie, w Internecie pod adresem sebastianskowronski.com udost\u0119pniam trzeci\u0105 wersj\u0119 autorskiej strony tw\u00f3rcy. Do stron z blogiem oraz do podstron z pracami, dodaj\u0119 zak\u0142adki zawieraj\u0105ce sklep z moimi tw\u00f3rczymi produktami, jak prace plastyczne.<\/p>\n<p>Poprzez d\u0142ugie w czasie prowadzenie bloga, czyli okres ponad 10 lat, wyra\u017anie ukszta\u0142towa\u0142em jego tematyk\u0119. Dostrzeg\u0142em, i\u017c to pami\u0119tnik o poszukiwaniu i pog\u0142\u0119bianiu relacji ze sob\u0105 i z w\u0142asnym cia\u0142em. W moim domu pt. cia\u0142o otwieram si\u0119 na poczucie to\u017csamo\u015bci oraz naturaln\u0105 godno\u015b\u0107. Doceniam warto\u015b\u0107 zgromadzonego s\u0142ownego zbioru. I mam zamys\u0142y na dalsze przetwarzanie zgromadzonych tekst\u00f3w.<\/p>\n<p><a title=\"Autorski blog\" href=\"https:\/\/sebastianskowronski.com\/cms\/blog\" target=\"_blank\" rel=\"noopener\">https:\/\/sebastianskowronski.com\/cms\/blog<\/a><\/p>\n","protected":false},"excerpt":{"rendered":"<p>Sebastian Skowro\u0144ski Tw\u00f3rca wizualny, bloger. Witam Was na autorskiej stronie. To zbi\u00f3r blogowych wpis\u00f3w, w kt\u00f3rych opisuj\u0119 moje prace. To r\u00f3wnie\u017c dost\u0119pna do ogl\u0105dania kolekcja artystycznych prac, jakie wykonuj\u0119 od roku oko\u0142o 2010. Naturaln\u0105 konsekwencj\u0105 tw\u00f3rczych dzia\u0142a\u0144 jest \u0142\u0105czenie mojego zawodu w biznes, st\u0105d pojawia si\u0119 pomys\u0142 na sklep. Dzi\u015b strona stanowi rozbudowane portfolio online [&hellip;]<\/p>\n","protected":false},"author":1,"featured_media":0,"parent":0,"menu_order":0,"comment_status":"closed","ping_status":"closed","template":"","meta":{"_monsterinsights_skip_tracking":false,"_monsterinsights_sitenote_active":false,"_monsterinsights_sitenote_note":"","_monsterinsights_sitenote_category":0,"ocean_post_layout":"","ocean_both_sidebars_style":"","ocean_both_sidebars_content_width":0,"ocean_both_sidebars_sidebars_width":0,"ocean_sidebar":"","ocean_second_sidebar":"","ocean_disable_margins":"enable","ocean_add_body_class":"","ocean_shortcode_before_top_bar":"","ocean_shortcode_after_top_bar":"","ocean_shortcode_before_header":"","ocean_shortcode_after_header":"","ocean_has_shortcode":"","ocean_shortcode_after_title":"","ocean_shortcode_before_footer_widgets":"","ocean_shortcode_after_footer_widgets":"","ocean_shortcode_before_footer_bottom":"","ocean_shortcode_after_footer_bottom":"","ocean_display_top_bar":"default","ocean_display_header":"default","ocean_header_style":"","ocean_center_header_left_menu":"","ocean_custom_header_template":"","ocean_custom_logo":0,"ocean_custom_retina_logo":0,"ocean_custom_logo_max_width":0,"ocean_custom_logo_tablet_max_width":0,"ocean_custom_logo_mobile_max_width":0,"ocean_custom_logo_max_height":0,"ocean_custom_logo_tablet_max_height":0,"ocean_custom_logo_mobile_max_height":0,"ocean_header_custom_menu":"","ocean_menu_typo_font_family":"","ocean_menu_typo_font_subset":"","ocean_menu_typo_font_size":0,"ocean_menu_typo_font_size_tablet":0,"ocean_menu_typo_font_size_mobile":0,"ocean_menu_typo_font_size_unit":"px","ocean_menu_typo_font_weight":"","ocean_menu_typo_font_weight_tablet":"","ocean_menu_typo_font_weight_mobile":"","ocean_menu_typo_transform":"","ocean_menu_typo_transform_tablet":"","ocean_menu_typo_transform_mobile":"","ocean_menu_typo_line_height":0,"ocean_menu_typo_line_height_tablet":0,"ocean_menu_typo_line_height_mobile":0,"ocean_menu_typo_line_height_unit":"","ocean_menu_typo_spacing":0,"ocean_menu_typo_spacing_tablet":0,"ocean_menu_typo_spacing_mobile":0,"ocean_menu_typo_spacing_unit":"","ocean_menu_link_color":"","ocean_menu_link_color_hover":"","ocean_menu_link_color_active":"","ocean_menu_link_background":"","ocean_menu_link_hover_background":"","ocean_menu_link_active_background":"","ocean_menu_social_links_bg":"","ocean_menu_social_hover_links_bg":"","ocean_menu_social_links_color":"","ocean_menu_social_hover_links_color":"","ocean_disable_title":"default","ocean_disable_heading":"default","ocean_post_title":"","ocean_post_subheading":"","ocean_post_title_style":"","ocean_post_title_background_color":"","ocean_post_title_background":0,"ocean_post_title_bg_image_position":"","ocean_post_title_bg_image_attachment":"","ocean_post_title_bg_image_repeat":"","ocean_post_title_bg_image_size":"","ocean_post_title_height":0,"ocean_post_title_bg_overlay":0.5,"ocean_post_title_bg_overlay_color":"","ocean_disable_breadcrumbs":"default","ocean_breadcrumbs_color":"","ocean_breadcrumbs_separator_color":"","ocean_breadcrumbs_links_color":"","ocean_breadcrumbs_links_hover_color":"","ocean_display_footer_widgets":"default","ocean_display_footer_bottom":"default","ocean_custom_footer_template":"","footnotes":""},"class_list":["post-389","page","type-page","status-publish","hentry","entry","owp-thumbs-layout-horizontal","owp-btn-normal","owp-tabs-layout-horizontal","has-no-thumbnails","has-product-nav"],"aioseo_notices":[],"jetpack_sharing_enabled":true,"_links":{"self":[{"href":"https:\/\/sebastianskowronski.com\/cms\/wp-json\/wp\/v2\/pages\/389","targetHints":{"allow":["GET"]}}],"collection":[{"href":"https:\/\/sebastianskowronski.com\/cms\/wp-json\/wp\/v2\/pages"}],"about":[{"href":"https:\/\/sebastianskowronski.com\/cms\/wp-json\/wp\/v2\/types\/page"}],"author":[{"embeddable":true,"href":"https:\/\/sebastianskowronski.com\/cms\/wp-json\/wp\/v2\/users\/1"}],"replies":[{"embeddable":true,"href":"https:\/\/sebastianskowronski.com\/cms\/wp-json\/wp\/v2\/comments?post=389"}],"version-history":[{"count":28,"href":"https:\/\/sebastianskowronski.com\/cms\/wp-json\/wp\/v2\/pages\/389\/revisions"}],"predecessor-version":[{"id":1124,"href":"https:\/\/sebastianskowronski.com\/cms\/wp-json\/wp\/v2\/pages\/389\/revisions\/1124"}],"wp:attachment":[{"href":"https:\/\/sebastianskowronski.com\/cms\/wp-json\/wp\/v2\/media?parent=389"}],"curies":[{"name":"wp","href":"https:\/\/api.w.org\/{rel}","templated":true}]}}