{"id":1482,"date":"2025-11-28T16:41:16","date_gmt":"2025-11-28T15:41:16","guid":{"rendered":"https:\/\/sebastianskowronski.com\/cms\/?post_type=product&#038;p=1482"},"modified":"2026-02-11T17:32:54","modified_gmt":"2026-02-11T16:32:54","slug":"inner-and-outer-28","status":"publish","type":"product","link":"https:\/\/sebastianskowronski.com\/cms\/produkt\/inner-and-outer-28","title":{"rendered":"Inner and Outer 28"},"content":{"rendered":"","protected":false},"excerpt":{"rendered":"<p>Sebastian Skowro\u0144ski, Inner and Outer 28, 2017, linoryt, 8x15cm, odbitka 1\/6, papier Hahnemuhle 300g (16x25cm)<\/p>\n<p>Kupujesz pierwsz\u0105 odbitk\u0119 linoryt z edycji kolekcjonerskiej grafiki artystycznej.<\/p>\n<p>Praca plastyczna wykonana metodami warsztatowymi i stanowi przyk\u0142ad miniatury graficznej. Takie prace nios\u0105 w sobie koncentracj\u0119 uwagi, przenosz\u0105 ogrom tre\u015bci. Miniatura powsta\u0142a w procesie pe\u0142nym skupienia, precyzji i intensywnego kontaktu z matryc\u0105. Dlatego ma du\u017c\u0105 si\u0142\u0119 oddzia\u0142ywania na odbiorc\u0119.<\/p>\n<p><strong>Co zyskujesz, wybieraj\u0105c t\u0119 prac\u0119:<\/strong><\/p>\n<ul>\n<li>wprowadzasz do wn\u0119trza co\u015b wyj\u0105tkowego, nawet je\u015bli masz ograniczon\u0105 przestrze\u0144,<\/li>\n<li>masz u siebie obiekt, kt\u00f3ry przyci\u0105ga wzrok, poprawia nastr\u00f3j i budzi skojarzenia;<\/li>\n<li>otrzymujesz prac\u0119 idealn\u0105 na prezent. Niewielk\u0105, oryginaln\u0105, o du\u017cej warto\u015bci emocjonalnej,<\/li>\n<li>mo\u017cesz zacz\u0105\u0107 budowa\u0107 w\u0142asn\u0105 kolekcj\u0119 prac wizualnego tw\u00f3rcy Sebastiana Skowro\u0144skiego, zaczynaj\u0105c od miniatur.<\/li>\n<\/ul>\n<p>&nbsp;<\/p>\n<p>Prac\u0119 podpisa\u0142em odr\u0119cznie twardym o\u0142\u00f3wkiem grafitowym.<\/p>\n<p>&nbsp;<\/p>\n<p><strong>Wysy\u0142ka<\/strong>. Prac\u0119 zabezpieczam solidnie, pakuj\u0105c w\u00a0specjalnie przyci\u0119te p\u0142yty pil\u015bniowe lub w\u00a0tektury bardzo grube.<\/p>\n<p>Wysy\u0142ka realizowana jest Poczt\u0105 Polsk\u0105, paczkomatem Inpost lub kurierem Pocztex (opcja).<\/p>\n<p>Jest tak\u017ce mo\u017cliwo\u015b\u0107 odbioru osobistego w\u00a0\u0141odzi.<\/p>\n<p><strong>Uwaga<\/strong>,\u00a0<span style=\"color: #ff0000;\">prosz\u0119 o\u00a0informacj\u0119 mailow\u0105, jaki spos\u00f3b odbioru zam\u00f3wienia wybierasz.<\/span><\/p>\n<p>Czas przygotowania i\u00a0wysy\u0142ki, do\u00a05 dni roboczych; koszt: bezp\u0142atny<\/p>\n","protected":false},"featured_media":1483,"comment_status":"closed","ping_status":"closed","template":"","meta":{"_monsterinsights_skip_tracking":false,"_monsterinsights_sitenote_active":false,"_monsterinsights_sitenote_note":"","_monsterinsights_sitenote_category":0,"ocean_post_layout":"","ocean_both_sidebars_style":"","ocean_both_sidebars_content_width":0,"ocean_both_sidebars_sidebars_width":0,"ocean_sidebar":"0","ocean_second_sidebar":"0","ocean_disable_margins":"enable","ocean_add_body_class":"","ocean_shortcode_before_top_bar":"","ocean_shortcode_after_top_bar":"","ocean_shortcode_before_header":"","ocean_shortcode_after_header":"","ocean_has_shortcode":"","ocean_shortcode_after_title":"","ocean_shortcode_before_footer_widgets":"","ocean_shortcode_after_footer_widgets":"","ocean_shortcode_before_footer_bottom":"","ocean_shortcode_after_footer_bottom":"","ocean_display_top_bar":"default","ocean_display_header":"default","ocean_header_style":"","ocean_center_header_left_menu":"0","ocean_custom_header_template":"0","ocean_custom_logo":0,"ocean_custom_retina_logo":0,"ocean_custom_logo_max_width":0,"ocean_custom_logo_tablet_max_width":0,"ocean_custom_logo_mobile_max_width":0,"ocean_custom_logo_max_height":0,"ocean_custom_logo_tablet_max_height":0,"ocean_custom_logo_mobile_max_height":0,"ocean_header_custom_menu":"0","ocean_menu_typo_font_family":"0","ocean_menu_typo_font_subset":"","ocean_menu_typo_font_size":0,"ocean_menu_typo_font_size_tablet":0,"ocean_menu_typo_font_size_mobile":0,"ocean_menu_typo_font_size_unit":"px","ocean_menu_typo_font_weight":"","ocean_menu_typo_font_weight_tablet":"","ocean_menu_typo_font_weight_mobile":"","ocean_menu_typo_transform":"","ocean_menu_typo_transform_tablet":"","ocean_menu_typo_transform_mobile":"","ocean_menu_typo_line_height":0,"ocean_menu_typo_line_height_tablet":0,"ocean_menu_typo_line_height_mobile":0,"ocean_menu_typo_line_height_unit":"","ocean_menu_typo_spacing":0,"ocean_menu_typo_spacing_tablet":0,"ocean_menu_typo_spacing_mobile":0,"ocean_menu_typo_spacing_unit":"","ocean_menu_link_color":"","ocean_menu_link_color_hover":"","ocean_menu_link_color_active":"","ocean_menu_link_background":"","ocean_menu_link_hover_background":"","ocean_menu_link_active_background":"","ocean_menu_social_links_bg":"","ocean_menu_social_hover_links_bg":"","ocean_menu_social_links_color":"","ocean_menu_social_hover_links_color":"","ocean_disable_title":"default","ocean_disable_heading":"default","ocean_post_title":"","ocean_post_subheading":"","ocean_post_title_style":"","ocean_post_title_background_color":"","ocean_post_title_background":0,"ocean_post_title_bg_image_position":"","ocean_post_title_bg_image_attachment":"","ocean_post_title_bg_image_repeat":"","ocean_post_title_bg_image_size":"","ocean_post_title_height":0,"ocean_post_title_bg_overlay":0.5,"ocean_post_title_bg_overlay_color":"","ocean_disable_breadcrumbs":"default","ocean_breadcrumbs_color":"","ocean_breadcrumbs_separator_color":"","ocean_breadcrumbs_links_color":"","ocean_breadcrumbs_links_hover_color":"","ocean_display_footer_widgets":"default","ocean_display_footer_bottom":"default","ocean_custom_footer_template":"0","jetpack_publicize_message":"","jetpack_publicize_feature_enabled":true,"jetpack_social_post_already_shared":true,"jetpack_social_options":{"image_generator_settings":{"template":"highway","default_image_id":0,"font":"","enabled":false},"version":2}},"product_brand":[102],"product_cat":[112,42],"product_tag":[67,115,68,43,62,63,108,66,72,109,71,65],"class_list":{"0":"post-1482","1":"product","2":"type-product","3":"status-publish","4":"has-post-thumbnail","6":"product_brand-fojbos","7":"product_cat-maly-format","8":"product_cat-miniatura-graficzna","9":"product_tag-abstrakcja","10":"product_tag-body","11":"product_tag-farba-graficzna","12":"product_tag-grafika","13":"product_tag-grafika-artystyczna","14":"product_tag-grafika-warsztatowa","15":"product_tag-inner-and-outer","16":"product_tag-linoryt","17":"product_tag-odbitka","18":"product_tag-pierwsza-odbitka","19":"product_tag-rycina","20":"product_tag-stempel","22":"entry","23":"has-media","25":"first","26":"instock","27":"sold-individually","28":"taxable","29":"shipping-taxable","30":"purchasable","31":"product-type-simple","32":"has-product-nav","33":"col","34":"span_1_of_3","35":"owp-content-center","36":"owp-thumbs-layout-horizontal","37":"owp-btn-normal","38":"owp-tabs-layout-horizontal","39":"has-no-thumbnails"},"aioseo_notices":[],"jetpack_publicize_connections":[],"jetpack_sharing_enabled":true,"_links":{"self":[{"href":"https:\/\/sebastianskowronski.com\/cms\/wp-json\/wp\/v2\/product\/1482","targetHints":{"allow":["GET"]}}],"collection":[{"href":"https:\/\/sebastianskowronski.com\/cms\/wp-json\/wp\/v2\/product"}],"about":[{"href":"https:\/\/sebastianskowronski.com\/cms\/wp-json\/wp\/v2\/types\/product"}],"replies":[{"embeddable":true,"href":"https:\/\/sebastianskowronski.com\/cms\/wp-json\/wp\/v2\/comments?post=1482"}],"wp:featuredmedia":[{"embeddable":true,"href":"https:\/\/sebastianskowronski.com\/cms\/wp-json\/wp\/v2\/media\/1483"}],"wp:attachment":[{"href":"https:\/\/sebastianskowronski.com\/cms\/wp-json\/wp\/v2\/media?parent=1482"}],"wp:term":[{"taxonomy":"product_brand","embeddable":true,"href":"https:\/\/sebastianskowronski.com\/cms\/wp-json\/wp\/v2\/product_brand?post=1482"},{"taxonomy":"product_cat","embeddable":true,"href":"https:\/\/sebastianskowronski.com\/cms\/wp-json\/wp\/v2\/product_cat?post=1482"},{"taxonomy":"product_tag","embeddable":true,"href":"https:\/\/sebastianskowronski.com\/cms\/wp-json\/wp\/v2\/product_tag?post=1482"}],"curies":[{"name":"wp","href":"https:\/\/api.w.org\/{rel}","templated":true}]}}