{"id":1578,"date":"2025-12-19T20:33:41","date_gmt":"2025-12-19T19:33:41","guid":{"rendered":"https:\/\/sebastianskowronski.com\/cms\/?post_type=product&#038;p=1578"},"modified":"2026-01-13T14:06:02","modified_gmt":"2026-01-13T13:06:02","slug":"krolestwo-cieni-tryptyk","status":"publish","type":"product","link":"https:\/\/sebastianskowronski.com\/cms\/produkt\/krolestwo-cieni-tryptyk","title":{"rendered":"Kr\u00f3lestwo Cieni &#8211; tryptyk"},"content":{"rendered":"","protected":false},"excerpt":{"rendered":"<p>Sebastian Skowro\u0144ski &#8222;Fojbos&#8221;<\/p>\n<p>Rysunek na papierze, tusz indyjski, rapidograf<\/p>\n<p>3 karty, ka\u017cda 100-x70 cm<\/p>\n<p>Format ca\u0142o\u015bci: ok. 100&#215;210 cm<\/p>\n<p>&nbsp;<\/p>\n<p><strong>Opis pracy<\/strong><\/p>\n<p>&#8222;Kr\u00f3lestwo Cieni&#8221; to tryptyk powsta\u0142y jako jednolita struktura rysunkowa. Trzy autonomiczne karty, pt. (kolejno) Programista, Materialne Tworzywo i Budowniczy tworz\u0105 ca\u0142o\u015b\u0107, kt\u00f3rej sens dostrzec mo\u017cna w relacji pomi\u0119dzy nimi. Chodzi o napi\u0119cie, rytm i przerwy.<\/p>\n<p>Praca operuje g\u0119st\u0105, czarno-bia\u0142\u0105 warstw\u0105 rysunku, kt\u00f3ra jest pozbawiona dekoracyjno\u015bci i efektu ilustracyjnego. Jest zapisem procesu, architektur\u0105 my\u015bli i \u015bladem koncentracji. Skala tryptyku stawia t\u0119 prac\u0119 bli\u017cej przestrzeni instytucjonalnej i kolekcjonerskiej, ni\u017c formatu czysto dekoracyjnego.<\/p>\n<p>Tryptyk by\u0142 prezentowany na wystawach: w Lubaczowie, i towarzysz\u0105cych wydarzeniu Triennale Polskiego Rysunku Wsp\u00f3\u0142czesnego, Lubacz\u00f3w 2023, m.in. w Galerii Test w Warszawie czy w Galeriach Miejskich w \u0141odzi (2024).<\/p>\n<p>&nbsp;<\/p>\n<p><strong>Dost\u0119pno\u015b\u0107<\/strong><\/p>\n<p>Praca jest dost\u0119pna jako ca\u0142o\u015b\u0107, tryptyk.<\/p>\n<p>Mo\u017ce zosta\u0107 przekazana do kolekcji prywatnej, korporacyjnej lub instytucjonalnej.<\/p>\n<p>&nbsp;<\/p>\n<p>Cena, ca\u0142o\u015b\u0107, tryptyk: 24000 z\u0142 (cena obejmuje trzy prace, jako jedn\u0105 struktur\u0119 kolekcjonersk\u0105)<\/p>\n<p>&nbsp;<\/p>\n<p><strong>Informacje techniczne<\/strong><\/p>\n<ul>\n<li>Rok powstania: 2023<\/li>\n<li>Technika: rysunek, rapidograf<\/li>\n<li>Pod\u0142o\u017ce: papier 200 g<\/li>\n<li>Sygnatura; ka\u017cda karta sygnowana i opisana niezale\u017cnie<\/li>\n<li>Stan: praca kolekcjonerska<\/li>\n<\/ul>\n<p>&nbsp;<\/p>\n<p><strong>Wysy\u0142ka<\/strong>. Prac\u0119 zabezpieczam solidnie, pakuj\u0105c w\u00a0specjalnie przyci\u0119te p\u0142yty pil\u015bniowe lub w\u00a0tektury bardzo grube.<\/p>\n<p>Wysy\u0142ka realizowana jest Poczt\u0105 Polsk\u0105 lub kurierem Pocztex (opcja).<\/p>\n<p>Jest tak\u017ce mo\u017cliwo\u015b\u0107 odbioru osobistego w\u00a0\u0141odzi.<\/p>\n<p><strong>Uwaga<\/strong>,\u00a0<span style=\"color: #ff0000;\">prosz\u0119 o\u00a0informacj\u0119 mailow\u0105, jaki spos\u00f3b odbioru zam\u00f3wienia wybierasz.<\/span><\/p>\n<p>Czas przygotowania i\u00a0wysy\u0142ki, do\u00a05 dni roboczych; koszt: bezp\u0142atny<\/p>\n<p>&nbsp;<\/p>\n<p><strong>Kontakt<\/strong><\/p>\n<p>W przypadku pyta\u0144, prosz\u0119 \u015bmia\u0142o si\u0119 kontaktowa\u0107 mailowo bezpo\u015brednio z tw\u00f3rc\u0105, na skowronski.sebastian@hotmail.com lub tel: +48 881 072 291<\/p>\n","protected":false},"featured_media":793,"comment_status":"closed","ping_status":"closed","template":"","meta":{"_monsterinsights_skip_tracking":false,"_monsterinsights_sitenote_active":false,"_monsterinsights_sitenote_note":"","_monsterinsights_sitenote_category":0,"ocean_post_layout":"","ocean_both_sidebars_style":"","ocean_both_sidebars_content_width":0,"ocean_both_sidebars_sidebars_width":0,"ocean_sidebar":"0","ocean_second_sidebar":"0","ocean_disable_margins":"enable","ocean_add_body_class":"","ocean_shortcode_before_top_bar":"","ocean_shortcode_after_top_bar":"","ocean_shortcode_before_header":"","ocean_shortcode_after_header":"","ocean_has_shortcode":"","ocean_shortcode_after_title":"","ocean_shortcode_before_footer_widgets":"","ocean_shortcode_after_footer_widgets":"","ocean_shortcode_before_footer_bottom":"","ocean_shortcode_after_footer_bottom":"","ocean_display_top_bar":"default","ocean_display_header":"default","ocean_header_style":"","ocean_center_header_left_menu":"0","ocean_custom_header_template":"0","ocean_custom_logo":0,"ocean_custom_retina_logo":0,"ocean_custom_logo_max_width":0,"ocean_custom_logo_tablet_max_width":0,"ocean_custom_logo_mobile_max_width":0,"ocean_custom_logo_max_height":0,"ocean_custom_logo_tablet_max_height":0,"ocean_custom_logo_mobile_max_height":0,"ocean_header_custom_menu":"0","ocean_menu_typo_font_family":"0","ocean_menu_typo_font_subset":"","ocean_menu_typo_font_size":0,"ocean_menu_typo_font_size_tablet":0,"ocean_menu_typo_font_size_mobile":0,"ocean_menu_typo_font_size_unit":"px","ocean_menu_typo_font_weight":"","ocean_menu_typo_font_weight_tablet":"","ocean_menu_typo_font_weight_mobile":"","ocean_menu_typo_transform":"","ocean_menu_typo_transform_tablet":"","ocean_menu_typo_transform_mobile":"","ocean_menu_typo_line_height":0,"ocean_menu_typo_line_height_tablet":0,"ocean_menu_typo_line_height_mobile":0,"ocean_menu_typo_line_height_unit":"","ocean_menu_typo_spacing":0,"ocean_menu_typo_spacing_tablet":0,"ocean_menu_typo_spacing_mobile":0,"ocean_menu_typo_spacing_unit":"","ocean_menu_link_color":"","ocean_menu_link_color_hover":"","ocean_menu_link_color_active":"","ocean_menu_link_background":"","ocean_menu_link_hover_background":"","ocean_menu_link_active_background":"","ocean_menu_social_links_bg":"","ocean_menu_social_hover_links_bg":"","ocean_menu_social_links_color":"","ocean_menu_social_hover_links_color":"","ocean_disable_title":"default","ocean_disable_heading":"default","ocean_post_title":"","ocean_post_subheading":"","ocean_post_title_style":"","ocean_post_title_background_color":"","ocean_post_title_background":0,"ocean_post_title_bg_image_position":"","ocean_post_title_bg_image_attachment":"","ocean_post_title_bg_image_repeat":"","ocean_post_title_bg_image_size":"","ocean_post_title_height":0,"ocean_post_title_bg_overlay":0.5,"ocean_post_title_bg_overlay_color":"","ocean_disable_breadcrumbs":"default","ocean_breadcrumbs_color":"","ocean_breadcrumbs_separator_color":"","ocean_breadcrumbs_links_color":"","ocean_breadcrumbs_links_hover_color":"","ocean_display_footer_widgets":"default","ocean_display_footer_bottom":"default","ocean_custom_footer_template":"0","jetpack_publicize_message":"","jetpack_publicize_feature_enabled":true,"jetpack_social_post_already_shared":true,"jetpack_social_options":{"image_generator_settings":{"template":"highway","default_image_id":0,"font":"","enabled":false},"version":2}},"product_brand":[102],"product_cat":[143,130],"product_tag":[129,86,128],"class_list":{"0":"post-1578","1":"product","2":"type-product","3":"status-publish","4":"has-post-thumbnail","6":"product_brand-fojbos","7":"product_cat-format-duzy","8":"product_cat-rysunek","9":"product_tag-krolestwo-cieni","10":"product_tag-rysunek","11":"product_tag-tryptyk","13":"entry","14":"has-media","16":"first","17":"instock","18":"sold-individually","19":"taxable","20":"shipping-taxable","21":"purchasable","22":"product-type-simple","23":"has-product-nav","24":"col","25":"span_1_of_3","26":"owp-content-center","27":"owp-thumbs-layout-horizontal","28":"owp-btn-normal","29":"owp-tabs-layout-horizontal","30":"has-no-thumbnails"},"aioseo_notices":[],"jetpack_publicize_connections":[],"jetpack_sharing_enabled":true,"_links":{"self":[{"href":"https:\/\/sebastianskowronski.com\/cms\/wp-json\/wp\/v2\/product\/1578","targetHints":{"allow":["GET"]}}],"collection":[{"href":"https:\/\/sebastianskowronski.com\/cms\/wp-json\/wp\/v2\/product"}],"about":[{"href":"https:\/\/sebastianskowronski.com\/cms\/wp-json\/wp\/v2\/types\/product"}],"replies":[{"embeddable":true,"href":"https:\/\/sebastianskowronski.com\/cms\/wp-json\/wp\/v2\/comments?post=1578"}],"wp:featuredmedia":[{"embeddable":true,"href":"https:\/\/sebastianskowronski.com\/cms\/wp-json\/wp\/v2\/media\/793"}],"wp:attachment":[{"href":"https:\/\/sebastianskowronski.com\/cms\/wp-json\/wp\/v2\/media?parent=1578"}],"wp:term":[{"taxonomy":"product_brand","embeddable":true,"href":"https:\/\/sebastianskowronski.com\/cms\/wp-json\/wp\/v2\/product_brand?post=1578"},{"taxonomy":"product_cat","embeddable":true,"href":"https:\/\/sebastianskowronski.com\/cms\/wp-json\/wp\/v2\/product_cat?post=1578"},{"taxonomy":"product_tag","embeddable":true,"href":"https:\/\/sebastianskowronski.com\/cms\/wp-json\/wp\/v2\/product_tag?post=1578"}],"curies":[{"name":"wp","href":"https:\/\/api.w.org\/{rel}","templated":true}]}}