{"id":1586,"date":"2025-12-28T20:37:48","date_gmt":"2025-12-28T19:37:48","guid":{"rendered":"https:\/\/sebastianskowronski.com\/cms\/?post_type=product&#038;p=1586"},"modified":"2026-01-13T13:58:23","modified_gmt":"2026-01-13T12:58:23","slug":"nokturn","status":"publish","type":"product","link":"https:\/\/sebastianskowronski.com\/cms\/produkt\/nokturn","title":{"rendered":"Nokturn"},"content":{"rendered":"","protected":false},"excerpt":{"rendered":"<p>Sebastian Skowro\u0144ski<\/p>\n<p>Sebastian Skowro\u0144ski, Nokturn, 2015, rysunek, tusz, pi\u00f3rko, 32&#215;36 cm, papier Hahnemuhle 300g<\/p>\n<p><strong>Opis pracy<\/strong><\/p>\n<p>Rysunek wykonany tuszem i pi\u00f3rkiem, wymagaj\u0105cym pe\u0142nej kontroli narz\u0119dzia. Powstawa\u0142 w procesie nielubi\u0105cym po\u015bpiechu. Ka\u017cdy ruch, nacisk i kontakt z pi\u00f3rkiem staje si\u0119 zapisem obecno\u015bci tw\u00f3rcy. Ka\u017cda linia jest rezultatem intensywno\u015bci wsp\u00f3\u0142dzia\u0142ania my\u015bl\u0105cego cz\u0142owieka z narz\u0119dziem, ofiarowaniem jego cierpliwo\u015bci i uwa\u017cno\u015bci. Dzia\u0142aniu towarzyszy \u015bwiadomy dotyk i w\u0142a\u015bciwa koncentracja.<\/p>\n<p><strong>Dost\u0119pno\u015b\u0107<\/strong><\/p>\n<p>Mo\u017ce zosta\u0107 przekazana do kolekcji prywatnej, korporacyjnej lub instytucjonalnej.<\/p>\n<p>&nbsp;<\/p>\n<p><strong>Informacje techniczne<\/strong><\/p>\n<ul>\n<li>tytu\u0142: Nokturn<\/li>\n<li>Rok powstania: 2015<\/li>\n<li>Technika: rysunek, tusz, pi\u00f3rko<\/li>\n<li>Pod\u0142o\u017ce: papier Hahnemuhle 300 g<\/li>\n<li>praca sygnowana<\/li>\n<li>Stan: praca kolekcjonerska<\/li>\n<\/ul>\n<p>&nbsp;<\/p>\n<p><strong>Wysy\u0142ka<\/strong>. Prac\u0119 zabezpieczam solidnie, pakuj\u0105c w\u00a0specjalnie przyci\u0119te p\u0142yty pil\u015bniowe lub w\u00a0tektury bardzo grube.<\/p>\n<p>Wysy\u0142ka realizowana jest Poczt\u0105 Polsk\u0105 lub kurierem Pocztex (opcja).<\/p>\n<p>Jest tak\u017ce mo\u017cliwo\u015b\u0107 odbioru osobistego w\u00a0\u0141odzi.<\/p>\n<p><strong>Uwaga<\/strong>,\u00a0<span style=\"color: #ff0000;\">prosz\u0119 o\u00a0informacj\u0119 mailow\u0105, jaki spos\u00f3b odbioru zam\u00f3wienia wybierasz.<\/span><\/p>\n<p>Czas przygotowania i\u00a0wysy\u0142ki, do\u00a05 dni roboczych; koszt: bezp\u0142atny<\/p>\n<p>&nbsp;<\/p>\n<p><strong>Kontakt<\/strong><\/p>\n<p>W przypadku pyta\u0144, prosz\u0119 \u015bmia\u0142o si\u0119 kontaktowa\u0107 mailowo bezpo\u015brednio z tw\u00f3rc\u0105, na skowronski.sebastian@hotmail.dcom lub tel: +48 881 072 291<\/p>\n","protected":false},"featured_media":589,"comment_status":"closed","ping_status":"closed","template":"","meta":{"_monsterinsights_skip_tracking":false,"_monsterinsights_sitenote_active":false,"_monsterinsights_sitenote_note":"","_monsterinsights_sitenote_category":0,"ocean_post_layout":"","ocean_both_sidebars_style":"","ocean_both_sidebars_content_width":0,"ocean_both_sidebars_sidebars_width":0,"ocean_sidebar":"0","ocean_second_sidebar":"0","ocean_disable_margins":"enable","ocean_add_body_class":"","ocean_shortcode_before_top_bar":"","ocean_shortcode_after_top_bar":"","ocean_shortcode_before_header":"","ocean_shortcode_after_header":"","ocean_has_shortcode":"","ocean_shortcode_after_title":"","ocean_shortcode_before_footer_widgets":"","ocean_shortcode_after_footer_widgets":"","ocean_shortcode_before_footer_bottom":"","ocean_shortcode_after_footer_bottom":"","ocean_display_top_bar":"default","ocean_display_header":"default","ocean_header_style":"","ocean_center_header_left_menu":"0","ocean_custom_header_template":"0","ocean_custom_logo":0,"ocean_custom_retina_logo":0,"ocean_custom_logo_max_width":0,"ocean_custom_logo_tablet_max_width":0,"ocean_custom_logo_mobile_max_width":0,"ocean_custom_logo_max_height":0,"ocean_custom_logo_tablet_max_height":0,"ocean_custom_logo_mobile_max_height":0,"ocean_header_custom_menu":"0","ocean_menu_typo_font_family":"0","ocean_menu_typo_font_subset":"","ocean_menu_typo_font_size":0,"ocean_menu_typo_font_size_tablet":0,"ocean_menu_typo_font_size_mobile":0,"ocean_menu_typo_font_size_unit":"px","ocean_menu_typo_font_weight":"","ocean_menu_typo_font_weight_tablet":"","ocean_menu_typo_font_weight_mobile":"","ocean_menu_typo_transform":"","ocean_menu_typo_transform_tablet":"","ocean_menu_typo_transform_mobile":"","ocean_menu_typo_line_height":0,"ocean_menu_typo_line_height_tablet":0,"ocean_menu_typo_line_height_mobile":0,"ocean_menu_typo_line_height_unit":"","ocean_menu_typo_spacing":0,"ocean_menu_typo_spacing_tablet":0,"ocean_menu_typo_spacing_mobile":0,"ocean_menu_typo_spacing_unit":"","ocean_menu_link_color":"","ocean_menu_link_color_hover":"","ocean_menu_link_color_active":"","ocean_menu_link_background":"","ocean_menu_link_hover_background":"","ocean_menu_link_active_background":"","ocean_menu_social_links_bg":"","ocean_menu_social_hover_links_bg":"","ocean_menu_social_links_color":"","ocean_menu_social_hover_links_color":"","ocean_disable_title":"default","ocean_disable_heading":"default","ocean_post_title":"","ocean_post_subheading":"","ocean_post_title_style":"","ocean_post_title_background_color":"","ocean_post_title_background":0,"ocean_post_title_bg_image_position":"","ocean_post_title_bg_image_attachment":"","ocean_post_title_bg_image_repeat":"","ocean_post_title_bg_image_size":"","ocean_post_title_height":0,"ocean_post_title_bg_overlay":0.5,"ocean_post_title_bg_overlay_color":"","ocean_disable_breadcrumbs":"default","ocean_breadcrumbs_color":"","ocean_breadcrumbs_separator_color":"","ocean_breadcrumbs_links_color":"","ocean_breadcrumbs_links_hover_color":"","ocean_display_footer_widgets":"default","ocean_display_footer_bottom":"default","ocean_custom_footer_template":"0","jetpack_publicize_message":"","jetpack_publicize_feature_enabled":true,"jetpack_social_post_already_shared":true,"jetpack_social_options":{"image_generator_settings":{"template":"highway","default_image_id":0,"font":"","enabled":false},"version":2}},"product_brand":[102],"product_cat":[130,142],"product_tag":[138,86,137,139],"class_list":{"0":"post-1586","1":"product","2":"type-product","3":"status-publish","4":"has-post-thumbnail","6":"product_brand-fojbos","7":"product_cat-rysunek","8":"product_cat-sredni-format","9":"product_tag-nokturn","10":"product_tag-rysunek","11":"product_tag-sebastian-skowronski","12":"product_tag-tusz_indian_ink","14":"entry","15":"has-media","17":"first","18":"instock","19":"sold-individually","20":"taxable","21":"shipping-taxable","22":"purchasable","23":"product-type-simple","24":"has-product-nav","25":"col","26":"span_1_of_3","27":"owp-content-center","28":"owp-thumbs-layout-horizontal","29":"owp-btn-normal","30":"owp-tabs-layout-horizontal","31":"has-no-thumbnails"},"aioseo_notices":[],"jetpack_publicize_connections":[],"jetpack_sharing_enabled":true,"_links":{"self":[{"href":"https:\/\/sebastianskowronski.com\/cms\/wp-json\/wp\/v2\/product\/1586","targetHints":{"allow":["GET"]}}],"collection":[{"href":"https:\/\/sebastianskowronski.com\/cms\/wp-json\/wp\/v2\/product"}],"about":[{"href":"https:\/\/sebastianskowronski.com\/cms\/wp-json\/wp\/v2\/types\/product"}],"replies":[{"embeddable":true,"href":"https:\/\/sebastianskowronski.com\/cms\/wp-json\/wp\/v2\/comments?post=1586"}],"wp:featuredmedia":[{"embeddable":true,"href":"https:\/\/sebastianskowronski.com\/cms\/wp-json\/wp\/v2\/media\/589"}],"wp:attachment":[{"href":"https:\/\/sebastianskowronski.com\/cms\/wp-json\/wp\/v2\/media?parent=1586"}],"wp:term":[{"taxonomy":"product_brand","embeddable":true,"href":"https:\/\/sebastianskowronski.com\/cms\/wp-json\/wp\/v2\/product_brand?post=1586"},{"taxonomy":"product_cat","embeddable":true,"href":"https:\/\/sebastianskowronski.com\/cms\/wp-json\/wp\/v2\/product_cat?post=1586"},{"taxonomy":"product_tag","embeddable":true,"href":"https:\/\/sebastianskowronski.com\/cms\/wp-json\/wp\/v2\/product_tag?post=1586"}],"curies":[{"name":"wp","href":"https:\/\/api.w.org\/{rel}","templated":true}]}}