{"id":906,"date":"2025-09-06T19:09:53","date_gmt":"2025-09-06T17:09:53","guid":{"rendered":"https:\/\/sebastianskowronski.com\/cms\/?post_type=product&#038;p=906"},"modified":"2026-01-27T14:31:23","modified_gmt":"2026-01-27T13:31:23","slug":"inner-and-outer-i","status":"publish","type":"product","link":"https:\/\/sebastianskowronski.com\/cms\/produkt\/inner-and-outer-i","title":{"rendered":"Inner and Outer I"},"content":{"rendered":"","protected":false},"excerpt":{"rendered":"<p>Sebastian Skowro\u0144ski, Inner and Outer I, 2018, linoryt, 97&#215;68,5 cm, nak\u0142ad: 4 ryciny, papier graficzny Hahnemuhle 300g.<\/p>\n<p>Odbitk\u0119 wykona\u0142em w\u0142asnor\u0119cznie z u\u017cyciem prasy graficznej. Matryc\u0119 z linorytu odcisn\u0105\u0142em na papierze graficznym Hahnem\u00fchle 300g Prac\u0119 podpisa\u0142em odr\u0119cznie twardym o\u0142\u00f3wkiem grafitowym.<\/p>\n<p><strong>Cechy papieru<\/strong>. Wysokiej jako\u015bci papier papier do warsztatowej grafiki Hahnem\u00fchle powstaje w tradycyjnych maszynach cylindrycznych. Ka\u017cdy osobno, co daje charakterystyczne, dla wytwarzanego t\u0105 metod\u0105 papieru, unikalne nier\u00f3wne kraw\u0119dzie jak w papierze czerpanym. Wyr\u00f3\u017cnia si\u0119 wysok\u0105 obj\u0119to\u015bci\u0105 i elastyczno\u015bci\u0105. Jest bezkwasowy, odporny na starzenie zgodnie z normami DIN 6738 i ISO 9706. Ka\u017cdy arkusz ma 1 lub 2 znaki wodne.<\/p>\n<p><strong>Wysy\u0142ka<\/strong>. Prac\u0119 zabezpieczam solidnie, pakuj\u0105c w specjalnie przyci\u0119te p\u0142yty pil\u015bniowe lub w tektury bardzo grube.<\/p>\n<p>Przy wysy\u0142aniu za granic\u0119, prac\u0119 umieszczam w grubej tubie.<\/p>\n<p>Wysy\u0142ka realizowana jest Poczt\u0105 Polsk\u0105 lub kurierem Pocztex (opcja).<\/p>\n<p>Czas przygotowania i wysy\u0142ki, do 5 dni roboczych; koszt: bezp\u0142atny<\/p>\n","protected":false},"featured_media":615,"comment_status":"closed","ping_status":"closed","template":"","meta":{"_monsterinsights_skip_tracking":false,"_monsterinsights_sitenote_active":false,"_monsterinsights_sitenote_note":"","_monsterinsights_sitenote_category":0,"ocean_post_layout":"","ocean_both_sidebars_style":"","ocean_both_sidebars_content_width":0,"ocean_both_sidebars_sidebars_width":0,"ocean_sidebar":"0","ocean_second_sidebar":"0","ocean_disable_margins":"enable","ocean_add_body_class":"","ocean_shortcode_before_top_bar":"","ocean_shortcode_after_top_bar":"","ocean_shortcode_before_header":"","ocean_shortcode_after_header":"","ocean_has_shortcode":"","ocean_shortcode_after_title":"","ocean_shortcode_before_footer_widgets":"","ocean_shortcode_after_footer_widgets":"","ocean_shortcode_before_footer_bottom":"","ocean_shortcode_after_footer_bottom":"","ocean_display_top_bar":"default","ocean_display_header":"default","ocean_header_style":"","ocean_center_header_left_menu":"0","ocean_custom_header_template":"0","ocean_custom_logo":0,"ocean_custom_retina_logo":0,"ocean_custom_logo_max_width":0,"ocean_custom_logo_tablet_max_width":0,"ocean_custom_logo_mobile_max_width":0,"ocean_custom_logo_max_height":0,"ocean_custom_logo_tablet_max_height":0,"ocean_custom_logo_mobile_max_height":0,"ocean_header_custom_menu":"0","ocean_menu_typo_font_family":"0","ocean_menu_typo_font_subset":"","ocean_menu_typo_font_size":0,"ocean_menu_typo_font_size_tablet":0,"ocean_menu_typo_font_size_mobile":0,"ocean_menu_typo_font_size_unit":"px","ocean_menu_typo_font_weight":"","ocean_menu_typo_font_weight_tablet":"","ocean_menu_typo_font_weight_mobile":"","ocean_menu_typo_transform":"","ocean_menu_typo_transform_tablet":"","ocean_menu_typo_transform_mobile":"","ocean_menu_typo_line_height":0,"ocean_menu_typo_line_height_tablet":0,"ocean_menu_typo_line_height_mobile":0,"ocean_menu_typo_line_height_unit":"","ocean_menu_typo_spacing":0,"ocean_menu_typo_spacing_tablet":0,"ocean_menu_typo_spacing_mobile":0,"ocean_menu_typo_spacing_unit":"","ocean_menu_link_color":"","ocean_menu_link_color_hover":"","ocean_menu_link_color_active":"","ocean_menu_link_background":"","ocean_menu_link_hover_background":"","ocean_menu_link_active_background":"","ocean_menu_social_links_bg":"","ocean_menu_social_hover_links_bg":"","ocean_menu_social_links_color":"","ocean_menu_social_hover_links_color":"","ocean_disable_title":"default","ocean_disable_heading":"default","ocean_post_title":"","ocean_post_subheading":"","ocean_post_title_style":"","ocean_post_title_background_color":"","ocean_post_title_background":0,"ocean_post_title_bg_image_position":"","ocean_post_title_bg_image_attachment":"","ocean_post_title_bg_image_repeat":"","ocean_post_title_bg_image_size":"","ocean_post_title_height":0,"ocean_post_title_bg_overlay":0.5,"ocean_post_title_bg_overlay_color":"","ocean_disable_breadcrumbs":"default","ocean_breadcrumbs_color":"","ocean_breadcrumbs_separator_color":"","ocean_breadcrumbs_links_color":"","ocean_breadcrumbs_links_hover_color":"","ocean_display_footer_widgets":"default","ocean_display_footer_bottom":"default","ocean_custom_footer_template":"0","jetpack_publicize_message":"","jetpack_publicize_feature_enabled":true,"jetpack_social_post_already_shared":false,"jetpack_social_options":{"image_generator_settings":{"template":"highway","default_image_id":0,"font":"","enabled":false},"version":2}},"product_brand":[102],"product_cat":[140,45],"product_tag":[69,67,68,62,63,66],"class_list":{"0":"post-906","1":"product","2":"type-product","3":"status-publish","4":"has-post-thumbnail","6":"product_brand-fojbos","7":"product_cat-format-standardowy","8":"product_cat-grafika","9":"product_tag-100x70","10":"product_tag-abstrakcja","11":"product_tag-farba-graficzna","12":"product_tag-grafika-artystyczna","13":"product_tag-grafika-warsztatowa","14":"product_tag-linoryt","16":"entry","17":"has-media","19":"first","20":"instock","21":"sold-individually","22":"taxable","23":"shipping-taxable","24":"purchasable","25":"product-type-simple","26":"has-product-nav","27":"col","28":"span_1_of_3","29":"owp-content-center","30":"owp-thumbs-layout-horizontal","31":"owp-btn-normal","32":"owp-tabs-layout-horizontal","33":"has-no-thumbnails"},"aioseo_notices":[],"jetpack_publicize_connections":[],"jetpack_sharing_enabled":true,"_links":{"self":[{"href":"https:\/\/sebastianskowronski.com\/cms\/wp-json\/wp\/v2\/product\/906","targetHints":{"allow":["GET"]}}],"collection":[{"href":"https:\/\/sebastianskowronski.com\/cms\/wp-json\/wp\/v2\/product"}],"about":[{"href":"https:\/\/sebastianskowronski.com\/cms\/wp-json\/wp\/v2\/types\/product"}],"replies":[{"embeddable":true,"href":"https:\/\/sebastianskowronski.com\/cms\/wp-json\/wp\/v2\/comments?post=906"}],"wp:featuredmedia":[{"embeddable":true,"href":"https:\/\/sebastianskowronski.com\/cms\/wp-json\/wp\/v2\/media\/615"}],"wp:attachment":[{"href":"https:\/\/sebastianskowronski.com\/cms\/wp-json\/wp\/v2\/media?parent=906"}],"wp:term":[{"taxonomy":"product_brand","embeddable":true,"href":"https:\/\/sebastianskowronski.com\/cms\/wp-json\/wp\/v2\/product_brand?post=906"},{"taxonomy":"product_cat","embeddable":true,"href":"https:\/\/sebastianskowronski.com\/cms\/wp-json\/wp\/v2\/product_cat?post=906"},{"taxonomy":"product_tag","embeddable":true,"href":"https:\/\/sebastianskowronski.com\/cms\/wp-json\/wp\/v2\/product_tag?post=906"}],"curies":[{"name":"wp","href":"https:\/\/api.w.org\/{rel}","templated":true}]}}