{"id":915,"date":"2025-09-12T18:25:44","date_gmt":"2025-09-12T16:25:44","guid":{"rendered":"https:\/\/sebastianskowronski.com\/cms\/?post_type=product&#038;p=915"},"modified":"2026-01-27T14:33:05","modified_gmt":"2026-01-27T13:33:05","slug":"rycina-drzeworytu-figura-v","status":"publish","type":"product","link":"https:\/\/sebastianskowronski.com\/cms\/produkt\/rycina-drzeworytu-figura-v","title":{"rendered":"Rycina drzeworytu Figura V"},"content":{"rendered":"","protected":false},"excerpt":{"rendered":"<p>Sebastian Skowro\u0144ski, Figura V, 2011, drzeworyt, format grafiki 42\u00d760 cm, nak\u0142ad:11 rycin, papier graficzny Canson Edition 250g, arkusz oko\u0142o 57\u00d777 cm.<\/p>\n<p>Odbitk\u0119 wykona\u0142em w\u0142asnor\u0119cznie z u\u017cyciem prasy graficznej. Matryc\u0119 drzeworytnicz\u0105 odcisn\u0105\u0142em na papierze graficznym Canson Edition 250 g. Prac\u0119 podpisa\u0142em odr\u0119cznie twardym o\u0142\u00f3wkiem grafitowym.<\/p>\n<p><strong>Cechy papieru<\/strong>. Wysokiej jako\u015bci papier Canson Edition przeznaczony jest do druku artystycznego. Powsta\u0142 w 100% z bawe\u0142ny i spe\u0142nia wymogi ISO 9706 dotycz\u0105ce trwa\u0142o\u015bci materia\u0142u. Papier ma lekko kremowy odcie\u0144, posiada perforowane brzegi.<\/p>\n<p><strong>Wysy\u0142ka<\/strong>. Prac\u0119 zabezpieczam solidnie, pakuj\u0105c w specjalnie przyci\u0119te p\u0142yty pil\u015bniowe lub w p\u0142yty tekturowe bardzo grube.<\/p>\n<p>Przy wysy\u0142aniu za granic\u0119, prac\u0119 umieszczam w grubej tubie.<\/p>\n<p>Wysy\u0142ka realizowana jest Poczt\u0105 Polsk\u0105 lub kurierem Pocztex (opcja).<\/p>\n<p>Czas przygotowania i wysy\u0142ki, do 5 dni roboczych; koszt: bezp\u0142atny<\/p>\n","protected":false},"featured_media":561,"comment_status":"closed","ping_status":"closed","template":"","meta":{"_monsterinsights_skip_tracking":false,"_monsterinsights_sitenote_active":false,"_monsterinsights_sitenote_note":"","_monsterinsights_sitenote_category":0,"ocean_post_layout":"","ocean_both_sidebars_style":"","ocean_both_sidebars_content_width":0,"ocean_both_sidebars_sidebars_width":0,"ocean_sidebar":"0","ocean_second_sidebar":"0","ocean_disable_margins":"enable","ocean_add_body_class":"","ocean_shortcode_before_top_bar":"","ocean_shortcode_after_top_bar":"","ocean_shortcode_before_header":"","ocean_shortcode_after_header":"","ocean_has_shortcode":"","ocean_shortcode_after_title":"","ocean_shortcode_before_footer_widgets":"","ocean_shortcode_after_footer_widgets":"","ocean_shortcode_before_footer_bottom":"","ocean_shortcode_after_footer_bottom":"","ocean_display_top_bar":"default","ocean_display_header":"default","ocean_header_style":"","ocean_center_header_left_menu":"0","ocean_custom_header_template":"0","ocean_custom_logo":0,"ocean_custom_retina_logo":0,"ocean_custom_logo_max_width":0,"ocean_custom_logo_tablet_max_width":0,"ocean_custom_logo_mobile_max_width":0,"ocean_custom_logo_max_height":0,"ocean_custom_logo_tablet_max_height":0,"ocean_custom_logo_mobile_max_height":0,"ocean_header_custom_menu":"0","ocean_menu_typo_font_family":"0","ocean_menu_typo_font_subset":"","ocean_menu_typo_font_size":0,"ocean_menu_typo_font_size_tablet":0,"ocean_menu_typo_font_size_mobile":0,"ocean_menu_typo_font_size_unit":"px","ocean_menu_typo_font_weight":"","ocean_menu_typo_font_weight_tablet":"","ocean_menu_typo_font_weight_mobile":"","ocean_menu_typo_transform":"","ocean_menu_typo_transform_tablet":"","ocean_menu_typo_transform_mobile":"","ocean_menu_typo_line_height":0,"ocean_menu_typo_line_height_tablet":0,"ocean_menu_typo_line_height_mobile":0,"ocean_menu_typo_line_height_unit":"","ocean_menu_typo_spacing":0,"ocean_menu_typo_spacing_tablet":0,"ocean_menu_typo_spacing_mobile":0,"ocean_menu_typo_spacing_unit":"","ocean_menu_link_color":"","ocean_menu_link_color_hover":"","ocean_menu_link_color_active":"","ocean_menu_link_background":"","ocean_menu_link_hover_background":"","ocean_menu_link_active_background":"","ocean_menu_social_links_bg":"","ocean_menu_social_hover_links_bg":"","ocean_menu_social_links_color":"","ocean_menu_social_hover_links_color":"","ocean_disable_title":"default","ocean_disable_heading":"default","ocean_post_title":"","ocean_post_subheading":"","ocean_post_title_style":"","ocean_post_title_background_color":"","ocean_post_title_background":0,"ocean_post_title_bg_image_position":"","ocean_post_title_bg_image_attachment":"","ocean_post_title_bg_image_repeat":"","ocean_post_title_bg_image_size":"","ocean_post_title_height":0,"ocean_post_title_bg_overlay":0.5,"ocean_post_title_bg_overlay_color":"","ocean_disable_breadcrumbs":"default","ocean_breadcrumbs_color":"","ocean_breadcrumbs_separator_color":"","ocean_breadcrumbs_links_color":"","ocean_breadcrumbs_links_hover_color":"","ocean_display_footer_widgets":"default","ocean_display_footer_bottom":"default","ocean_custom_footer_template":"0","jetpack_publicize_message":"","jetpack_publicize_feature_enabled":true,"jetpack_social_post_already_shared":false,"jetpack_social_options":{"image_generator_settings":{"template":"highway","default_image_id":0,"font":"","enabled":false},"version":2}},"product_brand":[],"product_cat":[45,142],"product_tag":[73,61,68,74,43,62,63,64,72,71,65],"class_list":{"0":"post-915","1":"product","2":"type-product","3":"status-publish","4":"has-post-thumbnail","6":"product_cat-grafika","7":"product_cat-sredni-format","8":"product_tag-42x60","9":"product_tag-drzeworyt","10":"product_tag-farba-graficzna","11":"product_tag-figura","12":"product_tag-grafika","13":"product_tag-grafika-artystyczna","14":"product_tag-grafika-warsztatowa","15":"product_tag-kobieta","16":"product_tag-odbitka","17":"product_tag-rycina","18":"product_tag-stempel","20":"entry","21":"has-media","23":"first","24":"instock","25":"sold-individually","26":"taxable","27":"shipping-taxable","28":"purchasable","29":"product-type-simple","30":"has-product-nav","31":"col","32":"span_1_of_3","33":"owp-content-center","34":"owp-thumbs-layout-horizontal","35":"owp-btn-normal","36":"owp-tabs-layout-horizontal","37":"has-no-thumbnails"},"aioseo_notices":[],"jetpack_publicize_connections":[],"jetpack_sharing_enabled":true,"_links":{"self":[{"href":"https:\/\/sebastianskowronski.com\/cms\/wp-json\/wp\/v2\/product\/915","targetHints":{"allow":["GET"]}}],"collection":[{"href":"https:\/\/sebastianskowronski.com\/cms\/wp-json\/wp\/v2\/product"}],"about":[{"href":"https:\/\/sebastianskowronski.com\/cms\/wp-json\/wp\/v2\/types\/product"}],"replies":[{"embeddable":true,"href":"https:\/\/sebastianskowronski.com\/cms\/wp-json\/wp\/v2\/comments?post=915"}],"wp:featuredmedia":[{"embeddable":true,"href":"https:\/\/sebastianskowronski.com\/cms\/wp-json\/wp\/v2\/media\/561"}],"wp:attachment":[{"href":"https:\/\/sebastianskowronski.com\/cms\/wp-json\/wp\/v2\/media?parent=915"}],"wp:term":[{"taxonomy":"product_brand","embeddable":true,"href":"https:\/\/sebastianskowronski.com\/cms\/wp-json\/wp\/v2\/product_brand?post=915"},{"taxonomy":"product_cat","embeddable":true,"href":"https:\/\/sebastianskowronski.com\/cms\/wp-json\/wp\/v2\/product_cat?post=915"},{"taxonomy":"product_tag","embeddable":true,"href":"https:\/\/sebastianskowronski.com\/cms\/wp-json\/wp\/v2\/product_tag?post=915"}],"curies":[{"name":"wp","href":"https:\/\/api.w.org\/{rel}","templated":true}]}}